{"id":120,"date":"2015-01-21T09:53:06","date_gmt":"2015-01-21T09:53:06","guid":{"rendered":"http:\/\/bitacoragrafica.com\/?page_id=120"},"modified":"2016-03-09T15:51:10","modified_gmt":"2016-03-09T15:51:10","slug":"servicios","status":"publish","type":"page","link":"http:\/\/bitacoragrafica.com\/?page_id=120","title":{"rendered":"Servicios"},"content":{"rendered":"<h2>CONSULTING<\/h2>\n<p><a href=\"http:\/\/bitacoragrafica.com\/wp-content\/uploads\/2015\/01\/consulting1.png\"><img loading=\"lazy\" decoding=\"async\" class=\"alignnone size-large wp-image-316\" src=\"http:\/\/bitacoragrafica.com\/wp-content\/uploads\/2015\/01\/consulting1-1024x812.png\" alt=\"consulting\" width=\"640\" height=\"508\" srcset=\"http:\/\/bitacoragrafica.com\/wp-content\/uploads\/2015\/01\/consulting1-1024x812.png 1024w, http:\/\/bitacoragrafica.com\/wp-content\/uploads\/2015\/01\/consulting1-300x238.png 300w, http:\/\/bitacoragrafica.com\/wp-content\/uploads\/2015\/01\/consulting1.png 1126w\" sizes=\"(max-width: 640px) 100vw, 640px\" \/><\/a><\/p>\n<h2><\/h2>\n<p>&nbsp;<\/p>\n<h2>PREIMPRESI\u00d3N<\/h2>\n<p><a href=\"http:\/\/bitacoragrafica.com\/wp-content\/uploads\/2015\/01\/preimpresion1.png\"><img loading=\"lazy\" decoding=\"async\" class=\"alignnone size-large wp-image-317\" src=\"http:\/\/bitacoragrafica.com\/wp-content\/uploads\/2015\/01\/preimpresion1-1024x813.png\" alt=\"preimpresion\" width=\"640\" height=\"508\" srcset=\"http:\/\/bitacoragrafica.com\/wp-content\/uploads\/2015\/01\/preimpresion1-1024x813.png 1024w, http:\/\/bitacoragrafica.com\/wp-content\/uploads\/2015\/01\/preimpresion1-300x238.png 300w, http:\/\/bitacoragrafica.com\/wp-content\/uploads\/2015\/01\/preimpresion1.png 1127w\" sizes=\"(max-width: 640px) 100vw, 640px\" \/><\/a><\/p>\n<p>&nbsp;<\/p>\n<h2>IMPRESI\u00d3N<\/h2>\n<p><a href=\"http:\/\/bitacoragrafica.com\/wp-content\/uploads\/2015\/01\/impresion1.png\"><img loading=\"lazy\" decoding=\"async\" class=\"alignnone size-large wp-image-318\" src=\"http:\/\/bitacoragrafica.com\/wp-content\/uploads\/2015\/01\/impresion1-1024x816.png\" alt=\"impresion\" width=\"640\" height=\"510\" srcset=\"http:\/\/bitacoragrafica.com\/wp-content\/uploads\/2015\/01\/impresion1-1024x816.png 1024w, http:\/\/bitacoragrafica.com\/wp-content\/uploads\/2015\/01\/impresion1-300x239.png 300w, http:\/\/bitacoragrafica.com\/wp-content\/uploads\/2015\/01\/impresion1.png 1133w\" sizes=\"(max-width: 640px) 100vw, 640px\" \/><\/a><\/p>\n<p>&nbsp;<\/p>\n<h2>LOG\u00cdSTICA<\/h2>\n<p><a href=\"http:\/\/bitacoragrafica.com\/wp-content\/uploads\/2015\/01\/logistica.png\"><img loading=\"lazy\" decoding=\"async\" class=\"alignnone size-large wp-image-319\" src=\"http:\/\/bitacoragrafica.com\/wp-content\/uploads\/2015\/01\/logistica-1024x812.png\" alt=\"logistica\" width=\"640\" height=\"508\" srcset=\"http:\/\/bitacoragrafica.com\/wp-content\/uploads\/2015\/01\/logistica-1024x812.png 1024w, http:\/\/bitacoragrafica.com\/wp-content\/uploads\/2015\/01\/logistica-300x238.png 300w, http:\/\/bitacoragrafica.com\/wp-content\/uploads\/2015\/01\/logistica.png 1126w\" sizes=\"(max-width: 640px) 100vw, 640px\" \/><\/a><\/p>\n<p>&nbsp;<\/p>\n<h2>ALMACENAJE<\/h2>\n<p><a href=\"http:\/\/bitacoragrafica.com\/wp-content\/uploads\/2015\/01\/almacenaje1.png\"><img loading=\"lazy\" decoding=\"async\" class=\"alignnone size-large wp-image-320\" src=\"http:\/\/bitacoragrafica.com\/wp-content\/uploads\/2015\/01\/almacenaje1-1024x812.png\" alt=\"almacenaje\" width=\"640\" height=\"508\" srcset=\"http:\/\/bitacoragrafica.com\/wp-content\/uploads\/2015\/01\/almacenaje1-1024x812.png 1024w, http:\/\/bitacoragrafica.com\/wp-content\/uploads\/2015\/01\/almacenaje1-300x238.png 300w, http:\/\/bitacoragrafica.com\/wp-content\/uploads\/2015\/01\/almacenaje1.png 1129w\" sizes=\"(max-width: 640px) 100vw, 640px\" \/><\/a><\/p>\n<p>&nbsp;<\/p>\n<h2>INSTALACI\u00d3N<\/h2>\n<p><a href=\"http:\/\/bitacoragrafica.com\/wp-content\/uploads\/2015\/01\/instalaci\u00c3\u00b3n-e1457538220132.png\"><img loading=\"lazy\" decoding=\"async\" class=\"alignnone wp-image-308 size-large\" src=\"http:\/\/bitacoragrafica.com\/wp-content\/uploads\/2015\/01\/instalaci\u00c3\u00b3n-e1457538220132-1024x744.png\" alt=\"\" width=\"640\" height=\"465\" srcset=\"http:\/\/bitacoragrafica.com\/wp-content\/uploads\/2015\/01\/instalaci\u00c3\u00b3n-e1457538220132-1024x744.png 1024w, http:\/\/bitacoragrafica.com\/wp-content\/uploads\/2015\/01\/instalaci\u00c3\u00b3n-e1457538220132-300x218.png 300w, http:\/\/bitacoragrafica.com\/wp-content\/uploads\/2015\/01\/instalaci\u00c3\u00b3n-e1457538220132-768x558.png 768w, http:\/\/bitacoragrafica.com\/wp-content\/uploads\/2015\/01\/instalaci\u00c3\u00b3n-e1457538220132.png 1098w\" sizes=\"(max-width: 640px) 100vw, 640px\" \/><\/a><\/p>\n","protected":false},"excerpt":{"rendered":"<p>CONSULTING &nbsp; PREIMPRESI\u00d3N &nbsp; IMPRESI\u00d3N &nbsp; LOG\u00cdSTICA &nbsp; ALMACENAJE &nbsp; INSTALACI\u00d3N<\/p>\n","protected":false},"author":1,"featured_media":0,"parent":0,"menu_order":0,"comment_status":"closed","ping_status":"closed","template":"","meta":{"footnotes":""},"_links":{"self":[{"href":"http:\/\/bitacoragrafica.com\/index.php?rest_route=\/wp\/v2\/pages\/120"}],"collection":[{"href":"http:\/\/bitacoragrafica.com\/index.php?rest_route=\/wp\/v2\/pages"}],"about":[{"href":"http:\/\/bitacoragrafica.com\/index.php?rest_route=\/wp\/v2\/types\/page"}],"author":[{"embeddable":true,"href":"http:\/\/bitacoragrafica.com\/index.php?rest_route=\/wp\/v2\/users\/1"}],"replies":[{"embeddable":true,"href":"http:\/\/bitacoragrafica.com\/index.php?rest_route=%2Fwp%2Fv2%2Fcomments&post=120"}],"version-history":[{"count":9,"href":"http:\/\/bitacoragrafica.com\/index.php?rest_route=\/wp\/v2\/pages\/120\/revisions"}],"predecessor-version":[{"id":664,"href":"http:\/\/bitacoragrafica.com\/index.php?rest_route=\/wp\/v2\/pages\/120\/revisions\/664"}],"wp:attachment":[{"href":"http:\/\/bitacoragrafica.com\/index.php?rest_route=%2Fwp%2Fv2%2Fmedia&parent=120"}],"curies":[{"name":"wp","href":"https:\/\/api.w.org\/{rel}","templated":true}]}}