{"id":161,"date":"2015-01-23T10:46:36","date_gmt":"2015-01-23T10:46:36","guid":{"rendered":"http:\/\/bitacoragrafica.com\/?page_id=161"},"modified":"2016-04-07T15:50:23","modified_gmt":"2016-04-07T15:50:23","slug":"marketing-portatil","status":"publish","type":"page","link":"http:\/\/bitacoragrafica.com\/?page_id=161","title":{"rendered":"Marketing port\u00e1til"},"content":{"rendered":"<p>Desde Bit\u00e1cora podemos ofrecer todo tipo de soluciones para marketing port\u00e1til. Para m\u00e1s detalles, consultar nuestros trabajos, y nuestro cat\u00e1logo.<\/p>\n<p><a href=\"http:\/\/bitacoragrafica.com\/wp-content\/uploads\/2015\/01\/Marketing-portatil.pdf\" rel=\"\">Pincha aqu\u00ed para ver nuestro cat\u00e1logo<\/a><\/p>\n\n\t\t<style type=\"text\/css\">\n\t\t\t#gallery-1 {\n\t\t\t\tmargin: auto;\n\t\t\t}\n\t\t\t#gallery-1 .gallery-item {\n\t\t\t\tfloat: left;\n\t\t\t\tmargin-top: 10px;\n\t\t\t\ttext-align: center;\n\t\t\t\twidth: 33%;\n\t\t\t}\n\t\t\t#gallery-1 img {\n\t\t\t\tborder: 2px solid #cfcfcf;\n\t\t\t}\n\t\t\t#gallery-1 .gallery-caption {\n\t\t\t\tmargin-left: 0;\n\t\t\t}\n\t\t\t\/* see gallery_shortcode() in wp-includes\/media.php *\/\n\t\t<\/style>\n\t\t<div id='gallery-1' class='gallery galleryid-161 gallery-columns-3 gallery-size-full'><dl class='gallery-item'>\n\t\t\t<dt class='gallery-icon landscape'>\n\t\t\t\t<a href='http:\/\/bitacoragrafica.com\/?attachment_id=705'><img loading=\"lazy\" decoding=\"async\" width=\"557\" height=\"362\" src=\"http:\/\/bitacoragrafica.com\/wp-content\/uploads\/2015\/01\/Stand.jpg\" class=\"attachment-full size-full\" alt=\"\" aria-describedby=\"gallery-1-705\" srcset=\"http:\/\/bitacoragrafica.com\/wp-content\/uploads\/2015\/01\/Stand.jpg 557w, http:\/\/bitacoragrafica.com\/wp-content\/uploads\/2015\/01\/Stand-300x195.jpg 300w\" sizes=\"(max-width: 557px) 100vw, 557px\" \/><\/a>\n\t\t\t<\/dt>\n\t\t\t\t<dd class='wp-caption-text gallery-caption' id='gallery-1-705'>\n\t\t\t\tStand\n\t\t\t\t<\/dd><\/dl><dl class='gallery-item'>\n\t\t\t<dt class='gallery-icon landscape'>\n\t\t\t\t<a href='http:\/\/bitacoragrafica.com\/?attachment_id=704'><img loading=\"lazy\" decoding=\"async\" width=\"2048\" height=\"1638\" src=\"http:\/\/bitacoragrafica.com\/wp-content\/uploads\/2015\/01\/Stand-con-mesa-portatil.jpg\" class=\"attachment-full size-full\" alt=\"\" aria-describedby=\"gallery-1-704\" srcset=\"http:\/\/bitacoragrafica.com\/wp-content\/uploads\/2015\/01\/Stand-con-mesa-portatil.jpg 2048w, http:\/\/bitacoragrafica.com\/wp-content\/uploads\/2015\/01\/Stand-con-mesa-portatil-300x240.jpg 300w, http:\/\/bitacoragrafica.com\/wp-content\/uploads\/2015\/01\/Stand-con-mesa-portatil-768x614.jpg 768w, http:\/\/bitacoragrafica.com\/wp-content\/uploads\/2015\/01\/Stand-con-mesa-portatil-1024x819.jpg 1024w\" sizes=\"(max-width: 2048px) 100vw, 2048px\" \/><\/a>\n\t\t\t<\/dt>\n\t\t\t\t<dd class='wp-caption-text gallery-caption' id='gallery-1-704'>\n\t\t\t\tStand con mesa portatil\n\t\t\t\t<\/dd><\/dl><dl class='gallery-item'>\n\t\t\t<dt class='gallery-icon landscape'>\n\t\t\t\t<a href='http:\/\/bitacoragrafica.com\/?attachment_id=702'><img loading=\"lazy\" decoding=\"async\" width=\"746\" height=\"451\" src=\"http:\/\/bitacoragrafica.com\/wp-content\/uploads\/2015\/01\/Mesa-portatil-e1457967054189.jpg\" class=\"attachment-full size-full\" alt=\"\" aria-describedby=\"gallery-1-702\" srcset=\"http:\/\/bitacoragrafica.com\/wp-content\/uploads\/2015\/01\/Mesa-portatil-e1457967054189.jpg 746w, http:\/\/bitacoragrafica.com\/wp-content\/uploads\/2015\/01\/Mesa-portatil-e1457967054189-300x181.jpg 300w\" sizes=\"(max-width: 746px) 100vw, 746px\" \/><\/a>\n\t\t\t<\/dt>\n\t\t\t\t<dd class='wp-caption-text gallery-caption' id='gallery-1-702'>\n\t\t\t\tMesa portatil\n\t\t\t\t<\/dd><\/dl><br style=\"clear: both\" \/><dl class='gallery-item'>\n\t\t\t<dt class='gallery-icon landscape'>\n\t\t\t\t<a href='http:\/\/bitacoragrafica.com\/?attachment_id=703'><img loading=\"lazy\" decoding=\"async\" width=\"1114\" height=\"667\" src=\"http:\/\/bitacoragrafica.com\/wp-content\/uploads\/2015\/01\/Roll-ups.jpg\" class=\"attachment-full size-full\" alt=\"\" aria-describedby=\"gallery-1-703\" srcset=\"http:\/\/bitacoragrafica.com\/wp-content\/uploads\/2015\/01\/Roll-ups.jpg 1114w, http:\/\/bitacoragrafica.com\/wp-content\/uploads\/2015\/01\/Roll-ups-300x180.jpg 300w, http:\/\/bitacoragrafica.com\/wp-content\/uploads\/2015\/01\/Roll-ups-768x460.jpg 768w, http:\/\/bitacoragrafica.com\/wp-content\/uploads\/2015\/01\/Roll-ups-1024x613.jpg 1024w\" sizes=\"(max-width: 1114px) 100vw, 1114px\" \/><\/a>\n\t\t\t<\/dt>\n\t\t\t\t<dd class='wp-caption-text gallery-caption' id='gallery-1-703'>\n\t\t\t\tRoll-ups\n\t\t\t\t<\/dd><\/dl><dl class='gallery-item'>\n\t\t\t<dt class='gallery-icon landscape'>\n\t\t\t\t<a href='http:\/\/bitacoragrafica.com\/?attachment_id=700'><img loading=\"lazy\" decoding=\"async\" width=\"1167\" height=\"651\" src=\"http:\/\/bitacoragrafica.com\/wp-content\/uploads\/2015\/01\/Marketing-Portatil-2.jpg\" class=\"attachment-full size-full\" alt=\"\" aria-describedby=\"gallery-1-700\" srcset=\"http:\/\/bitacoragrafica.com\/wp-content\/uploads\/2015\/01\/Marketing-Portatil-2.jpg 1167w, http:\/\/bitacoragrafica.com\/wp-content\/uploads\/2015\/01\/Marketing-Portatil-2-300x167.jpg 300w, http:\/\/bitacoragrafica.com\/wp-content\/uploads\/2015\/01\/Marketing-Portatil-2-768x428.jpg 768w, http:\/\/bitacoragrafica.com\/wp-content\/uploads\/2015\/01\/Marketing-Portatil-2-1024x571.jpg 1024w\" sizes=\"(max-width: 1167px) 100vw, 1167px\" \/><\/a>\n\t\t\t<\/dt>\n\t\t\t\t<dd class='wp-caption-text gallery-caption' id='gallery-1-700'>\n\t\t\t\tMarketing portatil\n\t\t\t\t<\/dd><\/dl><dl class='gallery-item'>\n\t\t\t<dt class='gallery-icon landscape'>\n\t\t\t\t<a href='http:\/\/bitacoragrafica.com\/?attachment_id=701'><img loading=\"lazy\" decoding=\"async\" width=\"1000\" height=\"506\" src=\"http:\/\/bitacoragrafica.com\/wp-content\/uploads\/2015\/01\/Marketing-portatil.jpg\" class=\"attachment-full size-full\" alt=\"\" aria-describedby=\"gallery-1-701\" srcset=\"http:\/\/bitacoragrafica.com\/wp-content\/uploads\/2015\/01\/Marketing-portatil.jpg 1000w, http:\/\/bitacoragrafica.com\/wp-content\/uploads\/2015\/01\/Marketing-portatil-300x152.jpg 300w, http:\/\/bitacoragrafica.com\/wp-content\/uploads\/2015\/01\/Marketing-portatil-768x389.jpg 768w\" sizes=\"(max-width: 1000px) 100vw, 1000px\" \/><\/a>\n\t\t\t<\/dt>\n\t\t\t\t<dd class='wp-caption-text gallery-caption' id='gallery-1-701'>\n\t\t\t\tMarketing portatil\n\t\t\t\t<\/dd><\/dl><br style=\"clear: both\" \/>\n\t\t<\/div>\n\n<p>&nbsp;<\/p>\n<p>&nbsp;<\/p>\n","protected":false},"excerpt":{"rendered":"<p>Desde Bit\u00e1cora podemos ofrecer todo tipo de soluciones para marketing port\u00e1til. Para m\u00e1s detalles, consultar nuestros trabajos, y nuestro cat\u00e1logo. Pincha aqu\u00ed para ver nuestro cat\u00e1logo &nbsp; &nbsp;<\/p>\n","protected":false},"author":1,"featured_media":0,"parent":122,"menu_order":0,"comment_status":"open","ping_status":"open","template":"","meta":{"footnotes":""},"_links":{"self":[{"href":"http:\/\/bitacoragrafica.com\/index.php?rest_route=\/wp\/v2\/pages\/161"}],"collection":[{"href":"http:\/\/bitacoragrafica.com\/index.php?rest_route=\/wp\/v2\/pages"}],"about":[{"href":"http:\/\/bitacoragrafica.com\/index.php?rest_route=\/wp\/v2\/types\/page"}],"author":[{"embeddable":true,"href":"http:\/\/bitacoragrafica.com\/index.php?rest_route=\/wp\/v2\/users\/1"}],"replies":[{"embeddable":true,"href":"http:\/\/bitacoragrafica.com\/index.php?rest_route=%2Fwp%2Fv2%2Fcomments&post=161"}],"version-history":[{"count":14,"href":"http:\/\/bitacoragrafica.com\/index.php?rest_route=\/wp\/v2\/pages\/161\/revisions"}],"predecessor-version":[{"id":720,"href":"http:\/\/bitacoragrafica.com\/index.php?rest_route=\/wp\/v2\/pages\/161\/revisions\/720"}],"up":[{"embeddable":true,"href":"http:\/\/bitacoragrafica.com\/index.php?rest_route=\/wp\/v2\/pages\/122"}],"wp:attachment":[{"href":"http:\/\/bitacoragrafica.com\/index.php?rest_route=%2Fwp%2Fv2%2Fmedia&parent=161"}],"curies":[{"name":"wp","href":"https:\/\/api.w.org\/{rel}","templated":true}]}}