{"id":163,"date":"2015-01-23T10:46:50","date_gmt":"2015-01-23T10:46:50","guid":{"rendered":"http:\/\/bitacoragrafica.com\/?page_id=163"},"modified":"2016-04-14T08:27:02","modified_gmt":"2016-04-14T08:27:02","slug":"merchandising","status":"publish","type":"page","link":"http:\/\/bitacoragrafica.com\/?page_id=163","title":{"rendered":"Merchandising"},"content":{"rendered":"<p>En Bit\u00e1cora, ponemos a tu disposici\u00f3n todo tipo\u00a0de art\u00edculos publicitarios, facilitando as\u00ed tus acciones de marketing. Para m\u00e1s informaci\u00f3n, pueden consultar el siguiente link a nuestro cat\u00e1logo de productos.<\/p>\n<p>bitacora.hideagifts.com<\/p>\n<p>&nbsp;<\/p>\n\n\t\t<style type=\"text\/css\">\n\t\t\t#gallery-1 {\n\t\t\t\tmargin: auto;\n\t\t\t}\n\t\t\t#gallery-1 .gallery-item {\n\t\t\t\tfloat: left;\n\t\t\t\tmargin-top: 10px;\n\t\t\t\ttext-align: center;\n\t\t\t\twidth: 33%;\n\t\t\t}\n\t\t\t#gallery-1 img {\n\t\t\t\tborder: 2px solid #cfcfcf;\n\t\t\t}\n\t\t\t#gallery-1 .gallery-caption {\n\t\t\t\tmargin-left: 0;\n\t\t\t}\n\t\t\t\/* see gallery_shortcode() in wp-includes\/media.php *\/\n\t\t<\/style>\n\t\t<div id='gallery-1' class='gallery galleryid-163 gallery-columns-3 gallery-size-full'><dl class='gallery-item'>\n\t\t\t<dt class='gallery-icon landscape'>\n\t\t\t\t<a href='http:\/\/bitacoragrafica.com\/?attachment_id=707'><img loading=\"lazy\" decoding=\"async\" width=\"2048\" height=\"1152\" src=\"http:\/\/bitacoragrafica.com\/wp-content\/uploads\/2015\/01\/Bolsa-de-tela.jpg\" class=\"attachment-full size-full\" alt=\"\" aria-describedby=\"gallery-1-707\" srcset=\"http:\/\/bitacoragrafica.com\/wp-content\/uploads\/2015\/01\/Bolsa-de-tela.jpg 2048w, http:\/\/bitacoragrafica.com\/wp-content\/uploads\/2015\/01\/Bolsa-de-tela-300x169.jpg 300w, http:\/\/bitacoragrafica.com\/wp-content\/uploads\/2015\/01\/Bolsa-de-tela-768x432.jpg 768w, http:\/\/bitacoragrafica.com\/wp-content\/uploads\/2015\/01\/Bolsa-de-tela-1024x576.jpg 1024w\" sizes=\"(max-width: 2048px) 100vw, 2048px\" \/><\/a>\n\t\t\t<\/dt>\n\t\t\t\t<dd class='wp-caption-text gallery-caption' id='gallery-1-707'>\n\t\t\t\tBolsas de tela\n\t\t\t\t<\/dd><\/dl><dl class='gallery-item'>\n\t\t\t<dt class='gallery-icon landscape'>\n\t\t\t\t<a href='http:\/\/bitacoragrafica.com\/?attachment_id=709'><img loading=\"lazy\" decoding=\"async\" width=\"1600\" height=\"1200\" src=\"http:\/\/bitacoragrafica.com\/wp-content\/uploads\/2015\/01\/Carpeta.jpg\" class=\"attachment-full size-full\" alt=\"\" aria-describedby=\"gallery-1-709\" srcset=\"http:\/\/bitacoragrafica.com\/wp-content\/uploads\/2015\/01\/Carpeta.jpg 1600w, http:\/\/bitacoragrafica.com\/wp-content\/uploads\/2015\/01\/Carpeta-300x225.jpg 300w, http:\/\/bitacoragrafica.com\/wp-content\/uploads\/2015\/01\/Carpeta-768x576.jpg 768w, http:\/\/bitacoragrafica.com\/wp-content\/uploads\/2015\/01\/Carpeta-1024x768.jpg 1024w\" sizes=\"(max-width: 1600px) 100vw, 1600px\" \/><\/a>\n\t\t\t<\/dt>\n\t\t\t\t<dd class='wp-caption-text gallery-caption' id='gallery-1-709'>\n\t\t\t\tCarpetas\n\t\t\t\t<\/dd><\/dl><dl class='gallery-item'>\n\t\t\t<dt class='gallery-icon portrait'>\n\t\t\t\t<a href='http:\/\/bitacoragrafica.com\/?attachment_id=708'><img loading=\"lazy\" decoding=\"async\" width=\"540\" height=\"960\" src=\"http:\/\/bitacoragrafica.com\/wp-content\/uploads\/2015\/01\/Bolsas-de-tela.jpg\" class=\"attachment-full size-full\" alt=\"\" aria-describedby=\"gallery-1-708\" srcset=\"http:\/\/bitacoragrafica.com\/wp-content\/uploads\/2015\/01\/Bolsas-de-tela.jpg 540w, http:\/\/bitacoragrafica.com\/wp-content\/uploads\/2015\/01\/Bolsas-de-tela-169x300.jpg 169w\" sizes=\"(max-width: 540px) 100vw, 540px\" \/><\/a>\n\t\t\t<\/dt>\n\t\t\t\t<dd class='wp-caption-text gallery-caption' id='gallery-1-708'>\n\t\t\t\tBolsas de tela\n\t\t\t\t<\/dd><\/dl><br style=\"clear: both\" \/><dl class='gallery-item'>\n\t\t\t<dt class='gallery-icon portrait'>\n\t\t\t\t<a href='http:\/\/bitacoragrafica.com\/?attachment_id=710'><img loading=\"lazy\" decoding=\"async\" width=\"720\" height=\"1280\" src=\"http:\/\/bitacoragrafica.com\/wp-content\/uploads\/2015\/01\/Carpetas.jpg\" class=\"attachment-full size-full\" alt=\"\" aria-describedby=\"gallery-1-710\" srcset=\"http:\/\/bitacoragrafica.com\/wp-content\/uploads\/2015\/01\/Carpetas.jpg 720w, http:\/\/bitacoragrafica.com\/wp-content\/uploads\/2015\/01\/Carpetas-169x300.jpg 169w, http:\/\/bitacoragrafica.com\/wp-content\/uploads\/2015\/01\/Carpetas-576x1024.jpg 576w\" sizes=\"(max-width: 720px) 100vw, 720px\" \/><\/a>\n\t\t\t<\/dt>\n\t\t\t\t<dd class='wp-caption-text gallery-caption' id='gallery-1-710'>\n\t\t\t\tCarpetas\n\t\t\t\t<\/dd><\/dl><dl class='gallery-item'>\n\t\t\t<dt class='gallery-icon landscape'>\n\t\t\t\t<a href='http:\/\/bitacoragrafica.com\/?attachment_id=712'><img loading=\"lazy\" decoding=\"async\" width=\"1280\" height=\"960\" src=\"http:\/\/bitacoragrafica.com\/wp-content\/uploads\/2015\/01\/Sobre-de-azucar.jpg\" class=\"attachment-full size-full\" alt=\"\" aria-describedby=\"gallery-1-712\" srcset=\"http:\/\/bitacoragrafica.com\/wp-content\/uploads\/2015\/01\/Sobre-de-azucar.jpg 1280w, http:\/\/bitacoragrafica.com\/wp-content\/uploads\/2015\/01\/Sobre-de-azucar-300x225.jpg 300w, http:\/\/bitacoragrafica.com\/wp-content\/uploads\/2015\/01\/Sobre-de-azucar-768x576.jpg 768w, http:\/\/bitacoragrafica.com\/wp-content\/uploads\/2015\/01\/Sobre-de-azucar-1024x768.jpg 1024w\" sizes=\"(max-width: 1280px) 100vw, 1280px\" \/><\/a>\n\t\t\t<\/dt>\n\t\t\t\t<dd class='wp-caption-text gallery-caption' id='gallery-1-712'>\n\t\t\t\tSobres de azucar\n\t\t\t\t<\/dd><\/dl><dl class='gallery-item'>\n\t\t\t<dt class='gallery-icon landscape'>\n\t\t\t\t<a href='http:\/\/bitacoragrafica.com\/?attachment_id=711'><img loading=\"lazy\" decoding=\"async\" width=\"2048\" height=\"1536\" src=\"http:\/\/bitacoragrafica.com\/wp-content\/uploads\/2015\/01\/Pa\u00f1uelos.jpg\" class=\"attachment-full size-full\" alt=\"\" aria-describedby=\"gallery-1-711\" srcset=\"http:\/\/bitacoragrafica.com\/wp-content\/uploads\/2015\/01\/Pa\u00f1uelos.jpg 2048w, http:\/\/bitacoragrafica.com\/wp-content\/uploads\/2015\/01\/Pa\u00f1uelos-300x225.jpg 300w, http:\/\/bitacoragrafica.com\/wp-content\/uploads\/2015\/01\/Pa\u00f1uelos-768x576.jpg 768w, http:\/\/bitacoragrafica.com\/wp-content\/uploads\/2015\/01\/Pa\u00f1uelos-1024x768.jpg 1024w\" sizes=\"(max-width: 2048px) 100vw, 2048px\" \/><\/a>\n\t\t\t<\/dt>\n\t\t\t\t<dd class='wp-caption-text gallery-caption' id='gallery-1-711'>\n\t\t\t\tPa\u00f1uelos\n\t\t\t\t<\/dd><\/dl><br style=\"clear: both\" \/>\n\t\t<\/div>\n\n","protected":false},"excerpt":{"rendered":"<p>En Bit\u00e1cora, ponemos a tu disposici\u00f3n todo tipo\u00a0de art\u00edculos publicitarios, facilitando as\u00ed tus acciones de marketing. Para m\u00e1s informaci\u00f3n, pueden consultar el siguiente link a nuestro cat\u00e1logo de productos. bitacora.hideagifts.com &nbsp;<\/p>\n","protected":false},"author":1,"featured_media":0,"parent":122,"menu_order":0,"comment_status":"open","ping_status":"open","template":"","meta":{"footnotes":""},"_links":{"self":[{"href":"http:\/\/bitacoragrafica.com\/index.php?rest_route=\/wp\/v2\/pages\/163"}],"collection":[{"href":"http:\/\/bitacoragrafica.com\/index.php?rest_route=\/wp\/v2\/pages"}],"about":[{"href":"http:\/\/bitacoragrafica.com\/index.php?rest_route=\/wp\/v2\/types\/page"}],"author":[{"embeddable":true,"href":"http:\/\/bitacoragrafica.com\/index.php?rest_route=\/wp\/v2\/users\/1"}],"replies":[{"embeddable":true,"href":"http:\/\/bitacoragrafica.com\/index.php?rest_route=%2Fwp%2Fv2%2Fcomments&post=163"}],"version-history":[{"count":8,"href":"http:\/\/bitacoragrafica.com\/index.php?rest_route=\/wp\/v2\/pages\/163\/revisions"}],"predecessor-version":[{"id":733,"href":"http:\/\/bitacoragrafica.com\/index.php?rest_route=\/wp\/v2\/pages\/163\/revisions\/733"}],"up":[{"embeddable":true,"href":"http:\/\/bitacoragrafica.com\/index.php?rest_route=\/wp\/v2\/pages\/122"}],"wp:attachment":[{"href":"http:\/\/bitacoragrafica.com\/index.php?rest_route=%2Fwp%2Fv2%2Fmedia&parent=163"}],"curies":[{"name":"wp","href":"https:\/\/api.w.org\/{rel}","templated":true}]}}